{"id":12,"date":"2013-05-13T12:03:02","date_gmt":"2013-05-13T10:03:02","guid":{"rendered":"http:\/\/www.atena.at\/?page_id=12"},"modified":"2025-07-16T11:08:51","modified_gmt":"2025-07-16T09:08:51","slug":"home","status":"publish","type":"page","link":"https:\/\/www.atena.at\/","title":{"rendered":"Home"},"content":{"rendered":"<section class=\"wpb-content-wrapper\"><p>[vc_row][vc_column][rev_slider_vc alias=&#8220;atena_startseite&#8220;][vc_separator][\/vc_column][\/vc_row][vc_row][vc_column width=&#8220;5\/6&#8243;][vc_column_text]<\/p>\n<h4><strong><span style=\"color: #e20031;\">Willkommen bei ATENA Steuerberatung!<\/span><\/strong><\/h4>\n<p>Wir sind Experten auf unserem Gebiet und selbstverst\u00e4ndlich d\u00fcrfen unsere Kunden aufgrund unserer laufenden\u00a0Aus- und Weiterbildungen, unserer Erfahrung und Praxis in Steuer-, Finanzstrafrechts- und Unternehmensberatungsfragen eine kompetente und professionelle Vertretung und Betreuung erwarten. Unser engagiertes, dynamisches Team erledigt Ihre Aufgaben rasch und zuverl\u00e4ssig.<\/p>\n<p>Was uns jedoch dar\u00fcber hinaus besonders am Herzen liegt, ist die pers\u00f6nliche und individuelle Betreuung unserer Kunden. Sie als Person stehen f\u00fcr uns im Mittelpunkt. <span style=\"color: #e20031;\">Immerhin vertrauen Sie uns einen essenziellen und sensiblen Bereich Ihres Unternehmens\u00a0an: Ihre Finanzen.<\/span><\/p>\n<p>Im Bereich Ihrer Finanzen ist es uns ein gro\u00dfes Anliegen, Sie bestm\u00f6glich zu beraten, sodass Sie Ihre Entscheidungen auf einer optimalen Grundlage treffen k\u00f6nnen.<\/p>\n<p>Wir freuen uns auf Sie!<\/p>\n<p><strong><span style=\"color: #e20031;\">Dr. Nicole Frais<\/span><\/strong><\/p>\n<p>und das gesamte Team der\u00a0ATENA[\/vc_column_text][\/vc_column][vc_column width=&#8220;1\/6&#8243;][vc_column_text]<strong><span style=\"color: #e20031;\">So erreichen Sie uns<\/span><\/strong><\/p>\n<p><a href=\"http:\/\/maps.google.at\/maps?q=Kirchham+17,+Kirchham&amp;hl=de&amp;ie=U\">Kirchham 17,<br \/>\n4656 Kirchham<\/a><br \/>\n+43 7619 28100<\/p>\n<p><strong><span style=\"color: #e20031;\">\u00d6ffnungszeiten<\/span><\/strong><\/p>\n<p>MONTAG bis DONNERSTAG:<br \/>\n08:00 \u2013 12:30 Uhr<br \/>\nFREITAG:<br \/>\n08:00 \u2013 12:00 Uhr<\/p>\n<p>Nach telefonischer Vereinbarung sind wir gerne auch au\u00dferhalb unserer \u00d6ffnungszeiten f\u00fcr Termine verf\u00fcgbar.<\/p>\n<p><span style=\"color: #e20031;\">F\u00fcr Ihren Kanzleibesuch stehen Ihnen kostenlose Parkpl\u00e4tze zur Verf\u00fcgung!<\/span>[\/vc_column_text][\/vc_column][\/vc_row]<\/p>\n<\/section>","protected":false},"excerpt":{"rendered":"<p>[vc_row][vc_column][rev_slider_vc alias=&#8220;atena_startseite&#8220;][vc_separator][\/vc_column][\/vc_row][vc_row][vc_column width=&#8220;5\/6&#8243;][vc_column_text] Willkommen bei ATENA Steuerberatung! Wir sind Experten auf unserem Gebiet und selbstverst\u00e4ndlich d\u00fcrfen unsere Kunden aufgrund unserer laufenden\u00a0Aus- und Weiterbildungen, unserer Erfahrung und Praxis in Steuer-, Finanzstrafrechts- und Unternehmensberatungsfragen eine kompetente und professionelle Vertretung und Betreuung erwarten. Unser engagiertes, dynamisches Team erledigt Ihre Aufgaben rasch und zuverl\u00e4ssig. Was uns jedoch dar\u00fcber hinaus [&hellip;]<\/p>\n","protected":false},"author":3,"featured_media":0,"parent":0,"menu_order":0,"comment_status":"open","ping_status":"closed","template":"","meta":{"footnotes":""},"class_list":["post-12","page","type-page","status-publish","hentry"],"yoast_head":"<!-- This site is optimized with the Yoast SEO plugin v26.8 - https:\/\/yoast.com\/product\/yoast-seo-wordpress\/ -->\n<title>Home - ATENA Steuerberatungs GmbH Laakirchen-Gmunden<\/title>\n<meta name=\"description\" content=\"Wir sind ein junges, dynamisches Steuerberatungsb\u00c3\u00bcro in Oberweis nahe Gmunden und Laakirchen. Kompetenz ist f\u00c3\u00bcr uns selbstverst\u00c3\u00a4ndlich, die individuelle pers\u00c3\u00b6nliche Beratung ist uns ein Anliegen. Erstgespr\u00c3\u00a4ch kostenlos!\" \/>\n<meta name=\"robots\" content=\"index, follow, max-snippet:-1, max-image-preview:large, max-video-preview:-1\" \/>\n<link rel=\"canonical\" href=\"https:\/\/www.atena.at\/\" \/>\n<meta property=\"og:locale\" content=\"de_DE\" \/>\n<meta property=\"og:type\" content=\"article\" \/>\n<meta property=\"og:title\" content=\"Home - ATENA Steuerberatungs GmbH Laakirchen-Gmunden\" \/>\n<meta property=\"og:description\" content=\"Wir sind ein junges, dynamisches Steuerberatungsb\u00c3\u00bcro in Oberweis nahe Gmunden und Laakirchen. Kompetenz ist f\u00c3\u00bcr uns selbstverst\u00c3\u00a4ndlich, die individuelle pers\u00c3\u00b6nliche Beratung ist uns ein Anliegen. Erstgespr\u00c3\u00a4ch kostenlos!\" \/>\n<meta property=\"og:url\" content=\"https:\/\/www.atena.at\/\" \/>\n<meta property=\"og:site_name\" content=\"ATENA Steuerberatungs GmbH Laakirchen-Gmunden\" \/>\n<meta property=\"article:modified_time\" content=\"2025-07-16T09:08:51+00:00\" \/>\n<meta name=\"twitter:label1\" content=\"Gesch\u00e4tzte Lesezeit\" \/>\n\t<meta name=\"twitter:data1\" content=\"1\u00a0Minute\" \/>\n<script type=\"application\/ld+json\" class=\"yoast-schema-graph\">{\"@context\":\"https:\/\/schema.org\",\"@graph\":[{\"@type\":\"WebPage\",\"@id\":\"https:\/\/www.atena.at\/\",\"url\":\"https:\/\/www.atena.at\/\",\"name\":\"Home - ATENA Steuerberatungs GmbH Laakirchen-Gmunden\",\"isPartOf\":{\"@id\":\"https:\/\/www.atena.at\/#website\"},\"datePublished\":\"2013-05-13T10:03:02+00:00\",\"dateModified\":\"2025-07-16T09:08:51+00:00\",\"description\":\"Wir sind ein junges, dynamisches Steuerberatungsb\u00c3\u00bcro in Oberweis nahe Gmunden und Laakirchen. Kompetenz ist f\u00c3\u00bcr uns selbstverst\u00c3\u00a4ndlich, die individuelle pers\u00c3\u00b6nliche Beratung ist uns ein Anliegen. Erstgespr\u00c3\u00a4ch kostenlos!\",\"inLanguage\":\"de\",\"potentialAction\":[{\"@type\":\"ReadAction\",\"target\":[\"https:\/\/www.atena.at\/\"]}]},{\"@type\":\"WebSite\",\"@id\":\"https:\/\/www.atena.at\/#website\",\"url\":\"https:\/\/www.atena.at\/\",\"name\":\"ATENA Steuerberatungs GmbH Laakirchen-Gmunden\",\"description\":\"Oberweis bei Gmunden\",\"potentialAction\":[{\"@type\":\"SearchAction\",\"target\":{\"@type\":\"EntryPoint\",\"urlTemplate\":\"https:\/\/www.atena.at\/?s={search_term_string}\"},\"query-input\":{\"@type\":\"PropertyValueSpecification\",\"valueRequired\":true,\"valueName\":\"search_term_string\"}}],\"inLanguage\":\"de\"}]}<\/script>\n<!-- \/ Yoast SEO plugin. -->","yoast_head_json":{"title":"Home - ATENA Steuerberatungs GmbH Laakirchen-Gmunden","description":"Wir sind ein junges, dynamisches Steuerberatungsb\u00c3\u00bcro in Oberweis nahe Gmunden und Laakirchen. Kompetenz ist f\u00c3\u00bcr uns selbstverst\u00c3\u00a4ndlich, die individuelle pers\u00c3\u00b6nliche Beratung ist uns ein Anliegen. Erstgespr\u00c3\u00a4ch kostenlos!","robots":{"index":"index","follow":"follow","max-snippet":"max-snippet:-1","max-image-preview":"max-image-preview:large","max-video-preview":"max-video-preview:-1"},"canonical":"https:\/\/www.atena.at\/","og_locale":"de_DE","og_type":"article","og_title":"Home - ATENA Steuerberatungs GmbH Laakirchen-Gmunden","og_description":"Wir sind ein junges, dynamisches Steuerberatungsb\u00c3\u00bcro in Oberweis nahe Gmunden und Laakirchen. Kompetenz ist f\u00c3\u00bcr uns selbstverst\u00c3\u00a4ndlich, die individuelle pers\u00c3\u00b6nliche Beratung ist uns ein Anliegen. Erstgespr\u00c3\u00a4ch kostenlos!","og_url":"https:\/\/www.atena.at\/","og_site_name":"ATENA Steuerberatungs GmbH Laakirchen-Gmunden","article_modified_time":"2025-07-16T09:08:51+00:00","twitter_misc":{"Gesch\u00e4tzte Lesezeit":"1\u00a0Minute"},"schema":{"@context":"https:\/\/schema.org","@graph":[{"@type":"WebPage","@id":"https:\/\/www.atena.at\/","url":"https:\/\/www.atena.at\/","name":"Home - ATENA Steuerberatungs GmbH Laakirchen-Gmunden","isPartOf":{"@id":"https:\/\/www.atena.at\/#website"},"datePublished":"2013-05-13T10:03:02+00:00","dateModified":"2025-07-16T09:08:51+00:00","description":"Wir sind ein junges, dynamisches Steuerberatungsb\u00c3\u00bcro in Oberweis nahe Gmunden und Laakirchen. Kompetenz ist f\u00c3\u00bcr uns selbstverst\u00c3\u00a4ndlich, die individuelle pers\u00c3\u00b6nliche Beratung ist uns ein Anliegen. Erstgespr\u00c3\u00a4ch kostenlos!","inLanguage":"de","potentialAction":[{"@type":"ReadAction","target":["https:\/\/www.atena.at\/"]}]},{"@type":"WebSite","@id":"https:\/\/www.atena.at\/#website","url":"https:\/\/www.atena.at\/","name":"ATENA Steuerberatungs GmbH Laakirchen-Gmunden","description":"Oberweis bei Gmunden","potentialAction":[{"@type":"SearchAction","target":{"@type":"EntryPoint","urlTemplate":"https:\/\/www.atena.at\/?s={search_term_string}"},"query-input":{"@type":"PropertyValueSpecification","valueRequired":true,"valueName":"search_term_string"}}],"inLanguage":"de"}]}},"_links":{"self":[{"href":"https:\/\/www.atena.at\/index.php\/wp-json\/wp\/v2\/pages\/12","targetHints":{"allow":["GET"]}}],"collection":[{"href":"https:\/\/www.atena.at\/index.php\/wp-json\/wp\/v2\/pages"}],"about":[{"href":"https:\/\/www.atena.at\/index.php\/wp-json\/wp\/v2\/types\/page"}],"author":[{"embeddable":true,"href":"https:\/\/www.atena.at\/index.php\/wp-json\/wp\/v2\/users\/3"}],"replies":[{"embeddable":true,"href":"https:\/\/www.atena.at\/index.php\/wp-json\/wp\/v2\/comments?post=12"}],"version-history":[{"count":14,"href":"https:\/\/www.atena.at\/index.php\/wp-json\/wp\/v2\/pages\/12\/revisions"}],"predecessor-version":[{"id":772,"href":"https:\/\/www.atena.at\/index.php\/wp-json\/wp\/v2\/pages\/12\/revisions\/772"}],"wp:attachment":[{"href":"https:\/\/www.atena.at\/index.php\/wp-json\/wp\/v2\/media?parent=12"}],"curies":[{"name":"wp","href":"https:\/\/api.w.org\/{rel}","templated":true}]}}