{"id":14,"date":"2013-05-13T12:22:39","date_gmt":"2013-05-13T10:22:39","guid":{"rendered":"http:\/\/www.atena.at\/?page_id=14"},"modified":"2025-07-16T11:09:26","modified_gmt":"2025-07-16T09:09:26","slug":"leistungen","status":"publish","type":"page","link":"https:\/\/www.atena.at\/index.php\/leistungen\/","title":{"rendered":"Leistungen"},"content":{"rendered":"<section class=\"wpb-content-wrapper\"><p>[vc_row][vc_column]\n<div id=\"rev_slider_3_1_wrapper\" class=\"rev_slider_wrapper fullwidthbanner-container\" data-source=\"gallery\" style=\"margin:0px auto;background:#e20031;padding:5px;margin-top:0px;margin-bottom:0px;\">\n<!-- START REVOLUTION SLIDER 5.4.8.1 auto mode -->\n\t<div id=\"rev_slider_3_1\" class=\"rev_slider fullwidthabanner\" style=\"display:none;\" data-version=\"5.4.8.1\">\n<ul>\t<!-- SLIDE  -->\n\t<li data-index=\"rs-6\" data-transition=\"slotslide-vertical\" data-slotamount=\"7\" data-hideafterloop=\"0\" data-hideslideonmobile=\"off\"  data-easein=\"default\" data-easeout=\"default\" data-masterspeed=\"300\"  data-rotate=\"0\"  data-saveperformance=\"off\"  data-title=\"Slide\" data-param1=\"\" data-param2=\"\" data-param3=\"\" data-param4=\"\" data-param5=\"\" data-param6=\"\" data-param7=\"\" data-param8=\"\" data-param9=\"\" data-param10=\"\" data-description=\"\">\n\t\t<!-- MAIN IMAGE -->\n\t\t<img loading=\"lazy\" decoding=\"async\" src=\"https:\/\/www.atena.at\/wp-content\/uploads\/ATENA-Steuerberatungs-GmbH-Kirchham-6.jpg\"  alt=\"\" title=\"ATENA Steuerberatungs GmbH Kirchham-6\"  width=\"1620\" height=\"1080\" data-bgposition=\"center center\" data-bgfit=\"cover\" data-bgrepeat=\"no-repeat\" class=\"rev-slidebg\" data-no-retina>\n\t\t<!-- LAYERS -->\n\t<\/li>\n\t<!-- SLIDE  -->\n\t<li data-index=\"rs-7\" data-transition=\"slotslide-vertical\" data-slotamount=\"7\" data-hideafterloop=\"0\" data-hideslideonmobile=\"off\"  data-easein=\"default\" data-easeout=\"default\" data-masterspeed=\"300\"  data-rotate=\"0\"  data-saveperformance=\"off\"  data-title=\"Slide\" data-param1=\"\" data-param2=\"\" data-param3=\"\" data-param4=\"\" data-param5=\"\" data-param6=\"\" data-param7=\"\" data-param8=\"\" data-param9=\"\" data-param10=\"\" data-description=\"\">\n\t\t<!-- MAIN IMAGE -->\n\t\t<img loading=\"lazy\" decoding=\"async\" src=\"https:\/\/www.atena.at\/wp-content\/uploads\/DSC8447-bearbeitet-Mittel.jpg\"  alt=\"\" title=\"_DSC8447-bearbeitet (Mittel)\"  width=\"1151\" height=\"768\" data-bgposition=\"center center\" data-bgfit=\"cover\" data-bgrepeat=\"no-repeat\" class=\"rev-slidebg\" data-no-retina>\n\t\t<!-- LAYERS -->\n\t<\/li>\n<\/ul>\n<div class=\"tp-bannertimer\" style=\"height: 5px; background: rgba(0,0,0,0.15);\"><\/div>\t<\/div>\n<script>var htmlDiv = document.getElementById(\"rs-plugin-settings-inline-css\"); var htmlDivCss=\"\";\n\t\t\t\tif(htmlDiv) {\n\t\t\t\t\thtmlDiv.innerHTML = htmlDiv.innerHTML + htmlDivCss;\n\t\t\t\t}else{\n\t\t\t\t\tvar htmlDiv = document.createElement(\"div\");\n\t\t\t\t\thtmlDiv.innerHTML = \"<style>\" + htmlDivCss + \"<\/style>\";\n\t\t\t\t\tdocument.getElementsByTagName(\"head\")[0].appendChild(htmlDiv.childNodes[0]);\n\t\t\t\t}\n\t\t\t<\/script>\n\t\t<script type=\"text\/javascript\">\nif (setREVStartSize!==undefined) setREVStartSize(\n\t{c: '#rev_slider_3_1', gridwidth: [960], gridheight: [560], sliderLayout: 'auto'});\n\t\t\t\nvar revapi3,\n\ttpj;\t\n(function() {\t\t\t\n\tif (!\/loaded|interactive|complete\/.test(document.readyState)) document.addEventListener(\"DOMContentLoaded\",onLoad); else onLoad();\t\n\tfunction onLoad() {\t\t\t\t\n\t\tif (tpj===undefined) { tpj = jQuery; if(\"off\" == \"on\") tpj.noConflict();}\n\tif(tpj(\"#rev_slider_3_1\").revolution == undefined){\n\t\trevslider_showDoubleJqueryError(\"#rev_slider_3_1\");\n\t}else{\n\t\trevapi3 = tpj(\"#rev_slider_3_1\").show().revolution({\n\t\t\tsliderType:\"standard\",\n\t\t\tjsFileLocation:\"\/\/www.atena.at\/wp-content\/plugins\/revslider\/public\/assets\/js\/\",\n\t\t\tsliderLayout:\"auto\",\n\t\t\tdottedOverlay:\"none\",\n\t\t\tdelay:9000,\n\t\t\tnavigation: {\n\t\t\t\tkeyboardNavigation:\"off\",\n\t\t\t\tkeyboard_direction: \"horizontal\",\n\t\t\t\tmouseScrollNavigation:\"off\",\n \t\t\t\t\t\t\tmouseScrollReverse:\"default\",\n\t\t\t\tonHoverStop:\"on\",\n\t\t\t\ttouch:{\n\t\t\t\t\ttouchenabled:\"on\",\n\t\t\t\t\ttouchOnDesktop:\"off\",\n\t\t\t\t\tswipe_threshold: 75,\n\t\t\t\t\tswipe_min_touches: 1,\n\t\t\t\t\tswipe_direction: \"horizontal\",\n\t\t\t\t\tdrag_block_vertical: false\n\t\t\t\t}\n\t\t\t},\n\t\t\tvisibilityLevels:[1240,1024,778,480],\n\t\t\tgridwidth:960,\n\t\t\tgridheight:560,\n\t\t\tlazyType:\"none\",\n\t\t\tshadow:0,\n\t\t\tspinner:\"spinner0\",\n\t\t\tstopLoop:\"off\",\n\t\t\tstopAfterLoops:-1,\n\t\t\tstopAtSlide:-1,\n\t\t\tshuffle:\"off\",\n\t\t\tautoHeight:\"off\",\n\t\t\thideThumbsOnMobile:\"off\",\n\t\t\thideSliderAtLimit:0,\n\t\t\thideCaptionAtLimit:0,\n\t\t\thideAllCaptionAtLilmit:0,\n\t\t\tdebugMode:false,\n\t\t\tfallbacks: {\n\t\t\t\tsimplifyAll:\"off\",\n\t\t\t\tnextSlideOnWindowFocus:\"off\",\n\t\t\t\tdisableFocusListener:false,\n\t\t\t}\n\t\t});\n\t}; \/* END OF revapi call *\/\n\t\n }; \/* END OF ON LOAD FUNCTION *\/\n}()); \/* END OF WRAPPING FUNCTION *\/\n<\/script>\n\t\t<\/div><!-- END REVOLUTION SLIDER -->[vc_separator][\/vc_column][\/vc_row][vc_row][vc_column width=&#8220;5\/6&#8243;][vc_column_text]<\/p>\n<div class=\"wpb_text_column wpb_content_element \">\n<div class=\"wpb_wrapper\">\n<h4><strong><span style=\"color: #e20031;\">Widmen Sie sich voll und ganz Ihrem Gesch\u00e4ftsbereich!<\/span><\/strong><\/h4>\n<p>Um sich Ihrem Gesch\u00e4ftsbereich voll und ganz widmen zu k\u00f6nnen, sind die Abgaben- und sozialversicherungsrechtlichen Agenden bei der ATENA Steuerberatungsgesellschaft mbH in besten H\u00e4nden. Da Sie bei uns im Mittelpunkt stehen, k\u00fcmmern wir uns individuell und umfassend um Ihre Belange. Durch st\u00e4ndige externe und interne Fort- und Weiterbildung wird kompetentes Fachwissen sichergestellt.<\/p>\n<p>Wir k\u00fcmmern uns um die fristgerechte Einreichung der Abgabenerkl\u00e4rungen und um die Einhaltung Ihrer steuerlichen Termine.<\/p>\n<\/div>\n<\/div>\n<h5><strong><span style=\"color: #e20031;\">Wir bieten Ihnen schwerpunktm\u00e4\u00dfig professionelle Hilfe in folgenden Angelegenheiten<\/span><\/strong><\/h5>\n<div>\n<div>\n<ul>\n<li>Laufende Buchhaltung<\/li>\n<li>Laufende Lohn- und Gehaltsverrechnung<\/li>\n<li>Jahresabschl\u00fcsse samt Abgabe von Steuererkl\u00e4rungen<\/li>\n<li>Optimierung der Steuerbelastung<\/li>\n<li>Beratung in steuerlichen und sozialversicherungsrechtlichen Fragen<\/li>\n<li>Abwicklung von Betriebs- und PLAB-Pr\u00fcfungen<\/li>\n<li>Abwicklung von strafrechtlichen Pr\u00fcfungen gem\u00e4\u00df \u00a7 99 FinStrG<\/li>\n<li>Beratung und Vertretung in finanzstrafrechtlichen Verfahren<\/li>\n<li>Umgr\u00fcndungen<\/li>\n<\/ul>\n<h5><strong style=\"font-size: 0.9em;\"><span style=\"color: #e20031;\">Besondere Schwerpunkte der Kanzlei<\/span><\/strong><\/h5>\n<\/div>\n<\/div>\n<div>\n<div>\n<ul>\n<li>Unternehmensgr\u00fcnder einschlie\u00dflich der Erstellung von Businesspl\u00e4nen und der Wahl der optimalen Rechtsform<\/li>\n<li>Finanzstrafrecht<\/li>\n<li>Gesundheitsberufe einschlie\u00dflich der freien Berufe<\/li>\n<li>Personalverrechnung<\/li>\n<li>Schulung Ihrer Mitarbeiter in den Bereichen Finanzbuchhaltung und Personalverrechnung auf BMD sowie in der Unternehmensorganisation<\/li>\n<\/ul>\n<\/div>\n<\/div>\n<p>[\/vc_column_text][\/vc_column][vc_column width=&#8220;1\/6&#8243;][vc_column_text]<strong><span style=\"color: #e20031;\">So erreichen Sie uns<\/span><\/strong><\/p>\n<p><a href=\"http:\/\/maps.google.at\/maps?q=Kirchham+17,+Kirchham&amp;hl=de&amp;ie=U\">Kirchham 17,<br \/>\n4656 Kirchham<\/a><br \/>\n+43 7619 28100<\/p>\n<p><strong><span style=\"color: #e20031;\">\u00d6ffnungszeiten<\/span><\/strong><\/p>\n<p>MONTAG bis DONNERSTAG:<br \/>\n08:00 \u2013 12:30 Uhr<br \/>\nFREITAG:<br \/>\n08:00 \u2013 12:00 Uhr<\/p>\n<p>Nach telefonischer Vereinbarung sind wir gerne auch au\u00dferhalb unserer \u00d6ffnungszeiten f\u00fcr Termine verf\u00fcgbar.<\/p>\n<p><span style=\"color: #e20031;\">F\u00fcr Ihren Kanzleibesuch stehen Ihnen kostenlose Parkpl\u00e4tze zur Verf\u00fcgung!<\/span>[\/vc_column_text][\/vc_column][\/vc_row]<\/p>\n<\/section>","protected":false},"excerpt":{"rendered":"<p>[vc_row][vc_column][vc_separator][\/vc_column][\/vc_row][vc_row][vc_column width=&#8220;5\/6&#8243;][vc_column_text] Widmen Sie sich voll und ganz Ihrem Gesch\u00e4ftsbereich! Um sich Ihrem Gesch\u00e4ftsbereich voll und ganz widmen zu k\u00f6nnen, sind die Abgaben- und sozialversicherungsrechtlichen Agenden bei der ATENA Steuerberatungsgesellschaft mbH in besten H\u00e4nden. Da Sie bei uns im Mittelpunkt stehen, k\u00fcmmern wir uns individuell und umfassend um Ihre Belange. Durch st\u00e4ndige externe und interne [&hellip;]<\/p>\n","protected":false},"author":3,"featured_media":0,"parent":0,"menu_order":0,"comment_status":"open","ping_status":"closed","template":"","meta":{"footnotes":""},"class_list":["post-14","page","type-page","status-publish","hentry"],"yoast_head":"<!-- This site is optimized with the Yoast SEO plugin v26.8 - https:\/\/yoast.com\/product\/yoast-seo-wordpress\/ -->\n<title>Leistungen - ATENA Steuerberatungs GmbH Laakirchen-Gmunden<\/title>\n<meta name=\"robots\" content=\"index, follow, max-snippet:-1, max-image-preview:large, max-video-preview:-1\" \/>\n<link rel=\"canonical\" href=\"https:\/\/www.atena.at\/index.php\/leistungen\/\" \/>\n<meta property=\"og:locale\" content=\"de_DE\" \/>\n<meta property=\"og:type\" content=\"article\" \/>\n<meta property=\"og:title\" content=\"Leistungen - ATENA Steuerberatungs GmbH Laakirchen-Gmunden\" \/>\n<meta property=\"og:description\" content=\"[vc_row][vc_column][vc_separator][\/vc_column][\/vc_row][vc_row][vc_column width=&#8220;5\/6&#8243;][vc_column_text] Widmen Sie sich voll und ganz Ihrem Gesch\u00e4ftsbereich! Um sich Ihrem Gesch\u00e4ftsbereich voll und ganz widmen zu k\u00f6nnen, sind die Abgaben- und sozialversicherungsrechtlichen Agenden bei der ATENA Steuerberatungsgesellschaft mbH in besten H\u00e4nden. Da Sie bei uns im Mittelpunkt stehen, k\u00fcmmern wir uns individuell und umfassend um Ihre Belange. Durch st\u00e4ndige externe und interne [&hellip;]\" \/>\n<meta property=\"og:url\" content=\"https:\/\/www.atena.at\/index.php\/leistungen\/\" \/>\n<meta property=\"og:site_name\" content=\"ATENA Steuerberatungs GmbH Laakirchen-Gmunden\" \/>\n<meta property=\"article:modified_time\" content=\"2025-07-16T09:09:26+00:00\" \/>\n<meta name=\"twitter:label1\" content=\"Gesch\u00e4tzte Lesezeit\" \/>\n\t<meta name=\"twitter:data1\" content=\"1\u00a0Minute\" \/>\n<script type=\"application\/ld+json\" class=\"yoast-schema-graph\">{\"@context\":\"https:\/\/schema.org\",\"@graph\":[{\"@type\":\"WebPage\",\"@id\":\"https:\/\/www.atena.at\/index.php\/leistungen\/\",\"url\":\"https:\/\/www.atena.at\/index.php\/leistungen\/\",\"name\":\"Leistungen - ATENA Steuerberatungs GmbH Laakirchen-Gmunden\",\"isPartOf\":{\"@id\":\"https:\/\/www.atena.at\/#website\"},\"datePublished\":\"2013-05-13T10:22:39+00:00\",\"dateModified\":\"2025-07-16T09:09:26+00:00\",\"inLanguage\":\"de\",\"potentialAction\":[{\"@type\":\"ReadAction\",\"target\":[\"https:\/\/www.atena.at\/index.php\/leistungen\/\"]}]},{\"@type\":\"WebSite\",\"@id\":\"https:\/\/www.atena.at\/#website\",\"url\":\"https:\/\/www.atena.at\/\",\"name\":\"ATENA Steuerberatungs GmbH Laakirchen-Gmunden\",\"description\":\"Oberweis bei Gmunden\",\"potentialAction\":[{\"@type\":\"SearchAction\",\"target\":{\"@type\":\"EntryPoint\",\"urlTemplate\":\"https:\/\/www.atena.at\/?s={search_term_string}\"},\"query-input\":{\"@type\":\"PropertyValueSpecification\",\"valueRequired\":true,\"valueName\":\"search_term_string\"}}],\"inLanguage\":\"de\"}]}<\/script>\n<!-- \/ Yoast SEO plugin. -->","yoast_head_json":{"title":"Leistungen - ATENA Steuerberatungs GmbH Laakirchen-Gmunden","robots":{"index":"index","follow":"follow","max-snippet":"max-snippet:-1","max-image-preview":"max-image-preview:large","max-video-preview":"max-video-preview:-1"},"canonical":"https:\/\/www.atena.at\/index.php\/leistungen\/","og_locale":"de_DE","og_type":"article","og_title":"Leistungen - ATENA Steuerberatungs GmbH Laakirchen-Gmunden","og_description":"[vc_row][vc_column][vc_separator][\/vc_column][\/vc_row][vc_row][vc_column width=&#8220;5\/6&#8243;][vc_column_text] Widmen Sie sich voll und ganz Ihrem Gesch\u00e4ftsbereich! Um sich Ihrem Gesch\u00e4ftsbereich voll und ganz widmen zu k\u00f6nnen, sind die Abgaben- und sozialversicherungsrechtlichen Agenden bei der ATENA Steuerberatungsgesellschaft mbH in besten H\u00e4nden. Da Sie bei uns im Mittelpunkt stehen, k\u00fcmmern wir uns individuell und umfassend um Ihre Belange. Durch st\u00e4ndige externe und interne [&hellip;]","og_url":"https:\/\/www.atena.at\/index.php\/leistungen\/","og_site_name":"ATENA Steuerberatungs GmbH Laakirchen-Gmunden","article_modified_time":"2025-07-16T09:09:26+00:00","twitter_misc":{"Gesch\u00e4tzte Lesezeit":"1\u00a0Minute"},"schema":{"@context":"https:\/\/schema.org","@graph":[{"@type":"WebPage","@id":"https:\/\/www.atena.at\/index.php\/leistungen\/","url":"https:\/\/www.atena.at\/index.php\/leistungen\/","name":"Leistungen - ATENA Steuerberatungs GmbH Laakirchen-Gmunden","isPartOf":{"@id":"https:\/\/www.atena.at\/#website"},"datePublished":"2013-05-13T10:22:39+00:00","dateModified":"2025-07-16T09:09:26+00:00","inLanguage":"de","potentialAction":[{"@type":"ReadAction","target":["https:\/\/www.atena.at\/index.php\/leistungen\/"]}]},{"@type":"WebSite","@id":"https:\/\/www.atena.at\/#website","url":"https:\/\/www.atena.at\/","name":"ATENA Steuerberatungs GmbH Laakirchen-Gmunden","description":"Oberweis bei Gmunden","potentialAction":[{"@type":"SearchAction","target":{"@type":"EntryPoint","urlTemplate":"https:\/\/www.atena.at\/?s={search_term_string}"},"query-input":{"@type":"PropertyValueSpecification","valueRequired":true,"valueName":"search_term_string"}}],"inLanguage":"de"}]}},"_links":{"self":[{"href":"https:\/\/www.atena.at\/index.php\/wp-json\/wp\/v2\/pages\/14","targetHints":{"allow":["GET"]}}],"collection":[{"href":"https:\/\/www.atena.at\/index.php\/wp-json\/wp\/v2\/pages"}],"about":[{"href":"https:\/\/www.atena.at\/index.php\/wp-json\/wp\/v2\/types\/page"}],"author":[{"embeddable":true,"href":"https:\/\/www.atena.at\/index.php\/wp-json\/wp\/v2\/users\/3"}],"replies":[{"embeddable":true,"href":"https:\/\/www.atena.at\/index.php\/wp-json\/wp\/v2\/comments?post=14"}],"version-history":[{"count":2,"href":"https:\/\/www.atena.at\/index.php\/wp-json\/wp\/v2\/pages\/14\/revisions"}],"predecessor-version":[{"id":774,"href":"https:\/\/www.atena.at\/index.php\/wp-json\/wp\/v2\/pages\/14\/revisions\/774"}],"wp:attachment":[{"href":"https:\/\/www.atena.at\/index.php\/wp-json\/wp\/v2\/media?parent=14"}],"curies":[{"name":"wp","href":"https:\/\/api.w.org\/{rel}","templated":true}]}}