{"id":19,"date":"2013-05-13T12:24:13","date_gmt":"2013-05-13T10:24:13","guid":{"rendered":"http:\/\/www.atena.at\/?page_id=19"},"modified":"2025-07-16T11:09:09","modified_gmt":"2025-07-16T09:09:09","slug":"kontakt","status":"publish","type":"page","link":"https:\/\/www.atena.at\/index.php\/kontakt\/","title":{"rendered":"Kontakt"},"content":{"rendered":"<section class=\"wpb-content-wrapper\"><p>[vc_row][vc_column width=&#8220;5\/6&#8243;][vc_column_text]<\/p>\n<h4><strong><span style=\"color: #e20031;\">Senden Sie uns Ihre Nachricht<\/span><\/strong><\/h4>\n<p>Rufen Sie uns an oder senden Sie uns eine kurze E-Mail! Wir freuen uns auf Ihre Anfrage.[\/vc_column_text][\/vc_column][vc_column width=&#8220;1\/6&#8243;][vc_column_text]<strong><span style=\"color: #e20031;\">So erreichen Sie uns<\/span><\/strong><\/p>\n<p><a href=\"http:\/\/maps.google.at\/maps?q=Kirchham+17,+Kirchham&amp;hl=de&amp;ie=U\">Kirchham 17,<br \/>\n4656 Kirchham<\/a><br \/>\n+43 7619 28100<\/p>\n<p><strong><span style=\"color: #e20031;\">\u00d6ffnungszeiten<\/span><\/strong><\/p>\n<p>MONTAG bis DONNERSTAG:<br \/>\n08:00 \u2013 12:30 Uhr<br \/>\nFREITAG:<br \/>\n08:00 \u2013 12:00 Uhr<\/p>\n<p>Nach telefonischer Vereinbarung sind wir gerne auch au\u00dferhalb unserer \u00d6ffnungszeiten f\u00fcr Termine verf\u00fcgbar.<\/p>\n<p><span style=\"color: #e20031;\">F\u00fcr Ihren Kanzleibesuch stehen Ihnen kostenlose Parkpl\u00e4tze zur Verf\u00fcgung!<\/span>[\/vc_column_text][\/vc_column][\/vc_row]<\/p>\n<\/section>","protected":false},"excerpt":{"rendered":"<p>[vc_row][vc_column width=&#8220;5\/6&#8243;][vc_column_text] Senden Sie uns Ihre Nachricht Rufen Sie uns an oder senden Sie uns eine kurze E-Mail! Wir freuen uns auf Ihre Anfrage.[\/vc_column_text][\/vc_column][vc_column width=&#8220;1\/6&#8243;][vc_column_text]So erreichen Sie uns Kirchham 17, 4656 Kirchham +43 7619 28100 \u00d6ffnungszeiten MONTAG bis DONNERSTAG: 08:00 \u2013 12:30 Uhr FREITAG: 08:00 \u2013 12:00 Uhr Nach telefonischer Vereinbarung sind wir gerne auch [&hellip;]<\/p>\n","protected":false},"author":3,"featured_media":0,"parent":0,"menu_order":0,"comment_status":"open","ping_status":"closed","template":"","meta":{"footnotes":""},"class_list":["post-19","page","type-page","status-publish","hentry"],"yoast_head":"<!-- This site is optimized with the Yoast SEO plugin v26.8 - https:\/\/yoast.com\/product\/yoast-seo-wordpress\/ -->\n<title>Kontakt - ATENA Steuerberatungs GmbH Laakirchen-Gmunden<\/title>\n<meta name=\"robots\" content=\"index, follow, max-snippet:-1, max-image-preview:large, max-video-preview:-1\" \/>\n<link rel=\"canonical\" href=\"https:\/\/www.atena.at\/index.php\/kontakt\/\" \/>\n<meta property=\"og:locale\" content=\"de_DE\" \/>\n<meta property=\"og:type\" content=\"article\" \/>\n<meta property=\"og:title\" content=\"Kontakt - ATENA Steuerberatungs GmbH Laakirchen-Gmunden\" \/>\n<meta property=\"og:description\" content=\"[vc_row][vc_column width=&#8220;5\/6&#8243;][vc_column_text] Senden Sie uns Ihre Nachricht Rufen Sie uns an oder senden Sie uns eine kurze E-Mail! Wir freuen uns auf Ihre Anfrage.[\/vc_column_text][\/vc_column][vc_column width=&#8220;1\/6&#8243;][vc_column_text]So erreichen Sie uns Kirchham 17, 4656 Kirchham +43 7619 28100 \u00d6ffnungszeiten MONTAG bis DONNERSTAG: 08:00 \u2013 12:30 Uhr FREITAG: 08:00 \u2013 12:00 Uhr Nach telefonischer Vereinbarung sind wir gerne auch [&hellip;]\" \/>\n<meta property=\"og:url\" content=\"https:\/\/www.atena.at\/index.php\/kontakt\/\" \/>\n<meta property=\"og:site_name\" content=\"ATENA Steuerberatungs GmbH Laakirchen-Gmunden\" \/>\n<meta property=\"article:modified_time\" content=\"2025-07-16T09:09:09+00:00\" \/>\n<script type=\"application\/ld+json\" class=\"yoast-schema-graph\">{\"@context\":\"https:\/\/schema.org\",\"@graph\":[{\"@type\":\"WebPage\",\"@id\":\"https:\/\/www.atena.at\/index.php\/kontakt\/\",\"url\":\"https:\/\/www.atena.at\/index.php\/kontakt\/\",\"name\":\"Kontakt - ATENA Steuerberatungs GmbH Laakirchen-Gmunden\",\"isPartOf\":{\"@id\":\"https:\/\/www.atena.at\/#website\"},\"datePublished\":\"2013-05-13T10:24:13+00:00\",\"dateModified\":\"2025-07-16T09:09:09+00:00\",\"inLanguage\":\"de\",\"potentialAction\":[{\"@type\":\"ReadAction\",\"target\":[\"https:\/\/www.atena.at\/index.php\/kontakt\/\"]}]},{\"@type\":\"WebSite\",\"@id\":\"https:\/\/www.atena.at\/#website\",\"url\":\"https:\/\/www.atena.at\/\",\"name\":\"ATENA Steuerberatungs GmbH Laakirchen-Gmunden\",\"description\":\"Oberweis bei Gmunden\",\"potentialAction\":[{\"@type\":\"SearchAction\",\"target\":{\"@type\":\"EntryPoint\",\"urlTemplate\":\"https:\/\/www.atena.at\/?s={search_term_string}\"},\"query-input\":{\"@type\":\"PropertyValueSpecification\",\"valueRequired\":true,\"valueName\":\"search_term_string\"}}],\"inLanguage\":\"de\"}]}<\/script>\n<!-- \/ Yoast SEO plugin. -->","yoast_head_json":{"title":"Kontakt - ATENA Steuerberatungs GmbH Laakirchen-Gmunden","robots":{"index":"index","follow":"follow","max-snippet":"max-snippet:-1","max-image-preview":"max-image-preview:large","max-video-preview":"max-video-preview:-1"},"canonical":"https:\/\/www.atena.at\/index.php\/kontakt\/","og_locale":"de_DE","og_type":"article","og_title":"Kontakt - ATENA Steuerberatungs GmbH Laakirchen-Gmunden","og_description":"[vc_row][vc_column width=&#8220;5\/6&#8243;][vc_column_text] Senden Sie uns Ihre Nachricht Rufen Sie uns an oder senden Sie uns eine kurze E-Mail! Wir freuen uns auf Ihre Anfrage.[\/vc_column_text][\/vc_column][vc_column width=&#8220;1\/6&#8243;][vc_column_text]So erreichen Sie uns Kirchham 17, 4656 Kirchham +43 7619 28100 \u00d6ffnungszeiten MONTAG bis DONNERSTAG: 08:00 \u2013 12:30 Uhr FREITAG: 08:00 \u2013 12:00 Uhr Nach telefonischer Vereinbarung sind wir gerne auch [&hellip;]","og_url":"https:\/\/www.atena.at\/index.php\/kontakt\/","og_site_name":"ATENA Steuerberatungs GmbH Laakirchen-Gmunden","article_modified_time":"2025-07-16T09:09:09+00:00","schema":{"@context":"https:\/\/schema.org","@graph":[{"@type":"WebPage","@id":"https:\/\/www.atena.at\/index.php\/kontakt\/","url":"https:\/\/www.atena.at\/index.php\/kontakt\/","name":"Kontakt - ATENA Steuerberatungs GmbH Laakirchen-Gmunden","isPartOf":{"@id":"https:\/\/www.atena.at\/#website"},"datePublished":"2013-05-13T10:24:13+00:00","dateModified":"2025-07-16T09:09:09+00:00","inLanguage":"de","potentialAction":[{"@type":"ReadAction","target":["https:\/\/www.atena.at\/index.php\/kontakt\/"]}]},{"@type":"WebSite","@id":"https:\/\/www.atena.at\/#website","url":"https:\/\/www.atena.at\/","name":"ATENA Steuerberatungs GmbH Laakirchen-Gmunden","description":"Oberweis bei Gmunden","potentialAction":[{"@type":"SearchAction","target":{"@type":"EntryPoint","urlTemplate":"https:\/\/www.atena.at\/?s={search_term_string}"},"query-input":{"@type":"PropertyValueSpecification","valueRequired":true,"valueName":"search_term_string"}}],"inLanguage":"de"}]}},"_links":{"self":[{"href":"https:\/\/www.atena.at\/index.php\/wp-json\/wp\/v2\/pages\/19","targetHints":{"allow":["GET"]}}],"collection":[{"href":"https:\/\/www.atena.at\/index.php\/wp-json\/wp\/v2\/pages"}],"about":[{"href":"https:\/\/www.atena.at\/index.php\/wp-json\/wp\/v2\/types\/page"}],"author":[{"embeddable":true,"href":"https:\/\/www.atena.at\/index.php\/wp-json\/wp\/v2\/users\/3"}],"replies":[{"embeddable":true,"href":"https:\/\/www.atena.at\/index.php\/wp-json\/wp\/v2\/comments?post=19"}],"version-history":[{"count":3,"href":"https:\/\/www.atena.at\/index.php\/wp-json\/wp\/v2\/pages\/19\/revisions"}],"predecessor-version":[{"id":773,"href":"https:\/\/www.atena.at\/index.php\/wp-json\/wp\/v2\/pages\/19\/revisions\/773"}],"wp:attachment":[{"href":"https:\/\/www.atena.at\/index.php\/wp-json\/wp\/v2\/media?parent=19"}],"curies":[{"name":"wp","href":"https:\/\/api.w.org\/{rel}","templated":true}]}}